{"id":45,"date":"2026-02-10T14:16:53","date_gmt":"2026-02-10T14:16:53","guid":{"rendered":"https:\/\/alos-ariege.fr\/?page_id=45"},"modified":"2026-02-10T14:46:57","modified_gmt":"2026-02-10T14:46:57","slug":"ma-decheterie","status":"publish","type":"page","link":"https:\/\/alos-ariege.fr\/index.php\/ma-decheterie\/","title":{"rendered":"Ma d\u00e9ch\u00e8terie"},"content":{"rendered":"\n<p>La commune d&rsquo;Alos ne dispose pas de d\u00e9ch\u00e8terie sur son territoire. Les habitants peuvent toutefois acc\u00e9der aux d\u00e9ch\u00e8teries intercommunales situ\u00e9es \u00e0 proximit\u00e9, notamment \u00e0 Saint-Girons, Oust ou Audressein, afin d\u2019y d\u00e9poser leurs d\u00e9chets encombrants et sp\u00e9cifiques.<\/p>\n\n\n\n<p>Ces \u00e9quipements publics permettent de collecter, trier et orienter vers des fili\u00e8res adapt\u00e9es de nombreux types de d\u00e9chets : cartons, bois, m\u00e9taux, d\u00e9chets verts, gravats, \u00e9quipements \u00e9lectriques, ou encore produits m\u00e9nagers particuliers. Ils contribuent ainsi \u00e0 la protection de l\u2019environnement, \u00e0 la valorisation des mat\u00e9riaux et \u00e0 la r\u00e9duction des d\u00e9p\u00f4ts sauvages.<\/p>\n\n\n\n<figure class=\"wp-block-embed is-type-video is-provider-youtube wp-block-embed-youtube wp-embed-aspect-16-9 wp-has-aspect-ratio\"><div class=\"wp-block-embed__wrapper\">\n<iframe loading=\"lazy\" title=\"Service D\u00e9chets : Un service de la Comcom expliqu\u00e9 en 2 minutes\" width=\"740\" height=\"416\" src=\"https:\/\/www.youtube.com\/embed\/oaQHBalcpvc?feature=oembed\" frameborder=\"0\" allow=\"accelerometer; autoplay; clipboard-write; encrypted-media; gyroscope; picture-in-picture; web-share\" referrerpolicy=\"strict-origin-when-cross-origin\" allowfullscreen><\/iframe>\n<\/div><\/figure>\n\n\n\n<hr class=\"wp-block-separator has-alpha-channel-opacity\"\/>\n\n\n\n<h2 class=\"wp-block-heading\">Informations importantes :<\/h2>\n\n\n\n<p><strong>Les d\u00e9ch\u00e8teries acceptent vos d\u00e9chets occasionnels\u00a0<\/strong>\u00a0(ferraille, \u00e9lectrom\u00e9nager, jardins, gravats, huiles de vidanges, piles \u2026).<\/p>\n\n\n\n<p><strong>D\u00e9p\u00f4t gratuit pour les particuliers<\/strong>. D\u00c9P\u00d4T LIMIT\u00c9 \u00e0 2m3 par semaine.<\/p>\n\n\n\n<p><strong>Les entreprises et les artisans&nbsp;<\/strong>doivent s\u2019acquitter d\u2019un badge \u00e0 retirer&nbsp;<strong>au service d\u00e9chets<\/strong>&nbsp;renouvelable tous les ans afin de participer \u00e0 l\u2019\u00e9limination de certains d\u00e9chets.<\/p>\n\n\n\n<hr class=\"wp-block-separator has-alpha-channel-opacity\"\/>\n\n\n\n<h2 class=\"wp-block-heading\">Horraires :<\/h2>\n\n\n\n<p><strong>HORS JOURS F\u00c9RI\u00c9S :<\/strong><\/p>\n\n\n\n<p><strong>&gt; d\u2019OCTOBRE \u00e0 MAI :<\/strong><\/p>\n\n\n\n<p><strong>Saint-Girons :<\/strong>&nbsp;8h00-17h00 en continu du lundi au samedi<br><strong>Oust et Audressein :<\/strong>&nbsp;8h45-12h15 \/ 13h30-17h00 du lundi au samedi<br><strong>Castelnau, Biert, Lasserre, Mercenac<\/strong>&nbsp;: 8h45-12h15 \/ 13h30-17h00 du mercredi au samedi<\/p>\n\n\n\n<p><strong>&gt; JUIN et SEPTEMBRE<\/strong>&nbsp;:<\/p>\n\n\n\n<p><strong>Saint-Girons :<\/strong>&nbsp;8h00-17h00 en continu du lundi au samedi<br><strong>Oust et Audressein :<\/strong>&nbsp;8h45-12h15 \/ 13h30-17h00 du lundi au samedi<br><strong>Castelnau, Biert, Lasserre, Mercenac :<\/strong>&nbsp;8h45-12h15 \/ 13h30-17h00 du lundi au samedi<\/p>\n\n\n\n<p><strong>&gt; JUILLET et AOUT :<\/strong><\/p>\n\n\n\n<p><strong>Saint-Girons :<\/strong>&nbsp;8h00-15h00 en continu du lundi au samedi<br><strong>Oust et Audressein :<\/strong>&nbsp;8h00-12h15 \/ 12h45-15h00 du lundi au samedi<br><strong>Castelnau, Biert, Lasserre, Mercenac :<\/strong>&nbsp;8h00-12h15 \/ 12h45-15h00 du lundi au samedi<\/p>\n\n\n\n<p><strong>ACCUEIL DU PUBLIC ET RETRAIT DE COMPOSTEURS \u00e0 Pal\u00e9t\u00e8s \u00e0<br>Saint-Girons, les horaires sont : du lundi au vendredi de 8 heures \u00e0 12 heures et de 13h30 \u00e0 15 h.<\/strong><\/p>\n\n\n\n<hr class=\"wp-block-separator has-alpha-channel-opacity\"\/>\n\n\n\n<figure class=\"wp-block-image size-full\"><img loading=\"lazy\" decoding=\"async\" width=\"817\" height=\"761\" src=\"https:\/\/alos-ariege.fr\/wp-content\/uploads\/2026\/02\/Capture-decran-2026-02-10-153416.png\" alt=\"\" class=\"wp-image-59\" srcset=\"https:\/\/alos-ariege.fr\/wp-content\/uploads\/2026\/02\/Capture-decran-2026-02-10-153416.png 817w, https:\/\/alos-ariege.fr\/wp-content\/uploads\/2026\/02\/Capture-decran-2026-02-10-153416-300x279.png 300w, https:\/\/alos-ariege.fr\/wp-content\/uploads\/2026\/02\/Capture-decran-2026-02-10-153416-768x715.png 768w\" sizes=\"auto, (max-width: 817px) 100vw, 817px\" \/><\/figure>\n\n\n\n<hr class=\"wp-block-separator has-alpha-channel-opacity\"\/>\n\n\n\n<h2 class=\"wp-block-heading\">Lien utile :<\/h2>\n\n\n\n<figure class=\"wp-block-embed is-type-wp-embed is-provider-couserans-pyr-n-es wp-block-embed-couserans-pyr-n-es\"><div class=\"wp-block-embed__wrapper\">\n<blockquote class=\"wp-embedded-content\" data-secret=\"fhV8bV6jX4\"><a href=\"https:\/\/couserans-pyrenees.fr\/decheteries\/\">D\u00e9ch\u00e8teries<\/a><\/blockquote><iframe loading=\"lazy\" class=\"wp-embedded-content\" sandbox=\"allow-scripts\" security=\"restricted\" style=\"position: absolute; visibility: hidden;\" title=\"\u00ab\u00a0D\u00e9ch\u00e8teries\u00a0\u00bb &#8212; Couserans-Pyr\u00e9n\u00e9es\" src=\"https:\/\/couserans-pyrenees.fr\/decheteries\/embed\/#?secret=Pm0ExtzdZ2#?secret=fhV8bV6jX4\" data-secret=\"fhV8bV6jX4\" width=\"600\" height=\"338\" frameborder=\"0\" marginwidth=\"0\" marginheight=\"0\" scrolling=\"no\"><\/iframe>\n<\/div><\/figure>\n\n\n\n<p><\/p>\n","protected":false},"excerpt":{"rendered":"<p>La commune d&rsquo;Alos ne dispose pas de d\u00e9ch\u00e8terie sur son territoire. Les habitants peuvent toutefois acc\u00e9der aux d\u00e9ch\u00e8teries intercommunales situ\u00e9es \u00e0 proximit\u00e9, notamment \u00e0 Saint-Girons, Oust ou Audressein, afin d\u2019y&#8230;<\/p>\n","protected":false},"author":1,"featured_media":0,"parent":0,"menu_order":0,"comment_status":"closed","ping_status":"closed","template":"","meta":{"footnotes":""},"class_list":["post-45","page","type-page","status-publish","hentry"],"_links":{"self":[{"href":"https:\/\/alos-ariege.fr\/index.php\/wp-json\/wp\/v2\/pages\/45","targetHints":{"allow":["GET"]}}],"collection":[{"href":"https:\/\/alos-ariege.fr\/index.php\/wp-json\/wp\/v2\/pages"}],"about":[{"href":"https:\/\/alos-ariege.fr\/index.php\/wp-json\/wp\/v2\/types\/page"}],"author":[{"embeddable":true,"href":"https:\/\/alos-ariege.fr\/index.php\/wp-json\/wp\/v2\/users\/1"}],"replies":[{"embeddable":true,"href":"https:\/\/alos-ariege.fr\/index.php\/wp-json\/wp\/v2\/comments?post=45"}],"version-history":[{"count":6,"href":"https:\/\/alos-ariege.fr\/index.php\/wp-json\/wp\/v2\/pages\/45\/revisions"}],"predecessor-version":[{"id":61,"href":"https:\/\/alos-ariege.fr\/index.php\/wp-json\/wp\/v2\/pages\/45\/revisions\/61"}],"wp:attachment":[{"href":"https:\/\/alos-ariege.fr\/index.php\/wp-json\/wp\/v2\/media?parent=45"}],"curies":[{"name":"wp","href":"https:\/\/api.w.org\/{rel}","templated":true}]}}