{"id":23,"date":"2026-02-05T14:48:58","date_gmt":"2026-02-05T14:48:58","guid":{"rendered":"https:\/\/alos-ariege.fr\/?page_id=23"},"modified":"2026-04-02T12:53:04","modified_gmt":"2026-04-02T12:53:04","slug":"mon-village","status":"publish","type":"page","link":"https:\/\/alos-ariege.fr\/index.php\/mon-village\/","title":{"rendered":"Mon village"},"content":{"rendered":"\n<div class=\"wp-block-columns is-layout-flex wp-container-core-columns-is-layout-28f84493 wp-block-columns-is-layout-flex\">\n<div class=\"wp-block-column is-layout-flow wp-block-column-is-layout-flow\" style=\"flex-basis:66.66%\">\n<h3 class=\"wp-block-heading\">Pr\u00e9sentation de la commune d\u2019Alos (Ari\u00e8ge)<\/h3>\n\n\n\n<p><\/p>\n<\/div>\n<\/div>\n\n\n\n<div class=\"wp-block-columns is-layout-flex wp-container-core-columns-is-layout-28f84493 wp-block-columns-is-layout-flex\">\n<div class=\"wp-block-column is-layout-flow wp-block-column-is-layout-flow\">\n<p>Alos est une petite commune de montagne situ\u00e9e dans le Couserans, au sud du d\u00e9partement de l\u2019Ari\u00e8ge, en r\u00e9gion Occitanie. Nich\u00e9 au c\u0153ur des Pyr\u00e9n\u00e9es ari\u00e9geoises, le village s\u2019\u00e9tend sur un vaste territoire naturel fait de for\u00eats, de ruisseaux et de reliefs, offrant un cadre paisible et pr\u00e9serv\u00e9. Aujourd\u2019hui peu peupl\u00e9e, la commune a connu autrefois une population bien plus importante, vivant principalement de l\u2019agriculture, de l\u2019\u00e9levage et de l\u2019exploitation des ressources locales.<\/p>\n<\/div>\n\n\n\n<div class=\"wp-block-column is-layout-flow wp-block-column-is-layout-flow\">\n<figure class=\"wp-block-image size-full\"><img loading=\"lazy\" decoding=\"async\" width=\"1001\" height=\"650\" src=\"https:\/\/alos-ariege.fr\/wp-content\/uploads\/2026\/04\/chateau-dAlos.jpg\" alt=\"\" class=\"wp-image-157\" srcset=\"https:\/\/alos-ariege.fr\/wp-content\/uploads\/2026\/04\/chateau-dAlos.jpg 1001w, https:\/\/alos-ariege.fr\/wp-content\/uploads\/2026\/04\/chateau-dAlos-300x195.jpg 300w, https:\/\/alos-ariege.fr\/wp-content\/uploads\/2026\/04\/chateau-dAlos-768x499.jpg 768w\" sizes=\"auto, (max-width: 1001px) 100vw, 1001px\" \/><\/figure>\n<\/div>\n<\/div>\n\n\n\n<hr class=\"wp-block-separator has-alpha-channel-opacity\"\/>\n\n\n\n<div class=\"wp-block-columns is-layout-flex wp-container-core-columns-is-layout-28f84493 wp-block-columns-is-layout-flex\">\n<div class=\"wp-block-column is-layout-flow wp-block-column-is-layout-flow\" style=\"flex-basis:66.66%\">\n<figure class=\"wp-block-image size-full\"><img loading=\"lazy\" decoding=\"async\" width=\"960\" height=\"643\" src=\"https:\/\/alos-ariege.fr\/wp-content\/uploads\/2026\/04\/Alos_Ariege.jpg\" alt=\"\" class=\"wp-image-158\" srcset=\"https:\/\/alos-ariege.fr\/wp-content\/uploads\/2026\/04\/Alos_Ariege.jpg 960w, https:\/\/alos-ariege.fr\/wp-content\/uploads\/2026\/04\/Alos_Ariege-300x201.jpg 300w, https:\/\/alos-ariege.fr\/wp-content\/uploads\/2026\/04\/Alos_Ariege-768x514.jpg 768w\" sizes=\"auto, (max-width: 960px) 100vw, 960px\" \/><\/figure>\n<\/div>\n\n\n\n<div class=\"wp-block-column is-layout-flow wp-block-column-is-layout-flow\" style=\"flex-basis:33.33%\">\n<h3 class=\"wp-block-heading\">Alos aujourd\u2019hui<\/h3>\n\n\n\n<p>De nos jours, Alos conserve son caract\u00e8re authentique et paisible. Entour\u00e9 de nature, de cols de montagne, de for\u00eats et de sentiers de randonn\u00e9e, le village est appr\u00e9ci\u00e9 pour son cadre de vie calme et son patrimoine naturel. Malgr\u00e9 sa petite taille, il reste vivant gr\u00e2ce \u00e0 la vie communale, aux activit\u00e9s de plein air et \u00e0 son attachement aux traditions locales.<\/p>\n<\/div>\n<\/div>\n","protected":false},"excerpt":{"rendered":"<p>Pr\u00e9sentation de la commune d\u2019Alos (Ari\u00e8ge) Alos est une petite commune de montagne situ\u00e9e dans le Couserans, au sud du d\u00e9partement de l\u2019Ari\u00e8ge, en r\u00e9gion Occitanie. Nich\u00e9 au c\u0153ur des&#8230;<\/p>\n","protected":false},"author":1,"featured_media":0,"parent":0,"menu_order":0,"comment_status":"closed","ping_status":"closed","template":"","meta":{"footnotes":""},"class_list":["post-23","page","type-page","status-publish","hentry"],"_links":{"self":[{"href":"https:\/\/alos-ariege.fr\/index.php\/wp-json\/wp\/v2\/pages\/23","targetHints":{"allow":["GET"]}}],"collection":[{"href":"https:\/\/alos-ariege.fr\/index.php\/wp-json\/wp\/v2\/pages"}],"about":[{"href":"https:\/\/alos-ariege.fr\/index.php\/wp-json\/wp\/v2\/types\/page"}],"author":[{"embeddable":true,"href":"https:\/\/alos-ariege.fr\/index.php\/wp-json\/wp\/v2\/users\/1"}],"replies":[{"embeddable":true,"href":"https:\/\/alos-ariege.fr\/index.php\/wp-json\/wp\/v2\/comments?post=23"}],"version-history":[{"count":6,"href":"https:\/\/alos-ariege.fr\/index.php\/wp-json\/wp\/v2\/pages\/23\/revisions"}],"predecessor-version":[{"id":161,"href":"https:\/\/alos-ariege.fr\/index.php\/wp-json\/wp\/v2\/pages\/23\/revisions\/161"}],"wp:attachment":[{"href":"https:\/\/alos-ariege.fr\/index.php\/wp-json\/wp\/v2\/media?parent=23"}],"curies":[{"name":"wp","href":"https:\/\/api.w.org\/{rel}","templated":true}]}}