{"id":2,"date":"2026-01-16T14:00:35","date_gmt":"2026-01-16T14:00:35","guid":{"rendered":"http:\/\/alos-ariege.fr\/?page_id=2"},"modified":"2026-03-09T13:58:10","modified_gmt":"2026-03-09T13:58:10","slug":"sample-page","status":"publish","type":"page","link":"https:\/\/alos-ariege.fr\/","title":{"rendered":"Bienvenue"},"content":{"rendered":"\n<p>La mairie d\u2019Alos, en Ari\u00e8ge, institution de proximit\u00e9 au service des administr\u00e9s, engag\u00e9e au quotidien pour l\u2019int\u00e9r\u00eat g\u00e9n\u00e9ral et la qualit\u00e9 du service public<\/p>\n\n\n\n<blockquote class=\"wp-block-quote is-layout-flow wp-block-quote-is-layout-flow\">\n<p>Localis\u00e9e dans le nord-ouest du d\u00e9partement, la commune fait partie, sur le plan historique et culturel, du Couserans, pays aux racines gasconnes structur\u00e9 par le cours du Salat (affluent de la Garonne). Expos\u00e9e \u00e0 un climat de montagne, elle est drain\u00e9e par la rivi\u00e8re d&rsquo;Alos, le ruisseau d&rsquo;Artiguenard, le ravin de querblanc, le ruisseau d&rsquo;Argent\u00e8re, le ruisseau d&rsquo;Aupiet, le ruisseau de Rieutort, le ruisseau de Sarat M\u00e8de et par divers petits cours d&rsquo;eau. Incluse dans le parc naturel r\u00e9gional des Pyr\u00e9n\u00e9es ari\u00e9geoises, la commune poss\u00e8de un patrimoine naturel remarquable compos\u00e9 de deux zones naturelles d&rsquo;int\u00e9r\u00eat \u00e9cologique, faunistique et floristique.<\/p>\n<\/blockquote>\n\n\n\n<figure class=\"wp-block-embed is-type-video is-provider-youtube wp-block-embed-youtube wp-embed-aspect-16-9 wp-has-aspect-ratio\"><div class=\"wp-block-embed__wrapper\">\n<iframe loading=\"lazy\" title=\"ALOS\ud83c\udf32Village de montagne\ud83c\udf32Ari\u00e8ge (09) - Visite des villes et villages Fran\u00e7ais\" width=\"740\" height=\"416\" src=\"https:\/\/www.youtube.com\/embed\/47B8CVlAn10?feature=oembed\" frameborder=\"0\" allow=\"accelerometer; autoplay; clipboard-write; encrypted-media; gyroscope; picture-in-picture; web-share\" referrerpolicy=\"strict-origin-when-cross-origin\" allowfullscreen><\/iframe>\n<\/div><\/figure>\n\n\n\n<p>Vid\u00e9o r\u00e9alis\u00e9 par <a href=\"https:\/\/www.youtube.com\/@VillagesetNature\">Villages et Nature<\/a><\/p>\n\n\n\n<hr class=\"wp-block-separator has-text-color has-accent-color has-alpha-channel-opacity has-accent-background-color has-background\"\/>\n\n\n\n<p><\/p>\n\n\n\n<div class=\"wp-block-group alignfull is-layout-constrained wp-container-core-group-is-layout-0d865929 wp-block-group-is-layout-constrained\" style=\"margin-top:0;margin-bottom:0;padding-top:var(--wp--preset--spacing--superbspacing-xsmall);padding-right:var(--wp--preset--spacing--superbspacing-small);padding-bottom:var(--wp--preset--spacing--superbspacing-xsmall);padding-left:var(--wp--preset--spacing--superbspacing-small)\">\n<div class=\"wp-block-columns is-layout-flex wp-container-core-columns-is-layout-25593187 wp-block-columns-is-layout-flex\">\n<div class=\"wp-block-column is-vertically-aligned-center is-layout-flow wp-block-column-is-layout-flow\">\n<figure class=\"wp-block-image aligncenter size-full is-resized\"><a href=\"https:\/\/ariege.fr\/\"><img decoding=\"async\" src=\"https:\/\/lacave-ariege.fr\/wp-content\/uploads\/2025\/10\/Capture-decran-2025-10-27-163814.png\" alt=\"\" class=\"wp-image-59\" style=\"width:160px\"\/><\/a><\/figure>\n<\/div>\n\n\n\n<div class=\"wp-block-column is-vertically-aligned-center is-layout-flow wp-block-column-is-layout-flow\">\n<figure class=\"wp-block-image aligncenter size-full is-resized\"><a href=\"https:\/\/www.pyrenees-ariegeoises.com\/\"><img decoding=\"async\" src=\"https:\/\/lacave-ariege.fr\/wp-content\/uploads\/2025\/10\/Capture-decran-2025-10-27-164023.png\" alt=\"\" class=\"wp-image-60\" style=\"width:160px\"\/><\/a><\/figure>\n<\/div>\n\n\n\n<div class=\"wp-block-column is-vertically-aligned-center is-layout-flow wp-block-column-is-layout-flow\">\n<figure class=\"wp-block-image aligncenter size-full is-resized\"><a href=\"https:\/\/www.laregion.fr\/\"><img decoding=\"async\" src=\"https:\/\/lacave-ariege.fr\/wp-content\/uploads\/2025\/10\/Capture-decran-2025-10-27-164236.png\" alt=\"\" class=\"wp-image-61\" style=\"width:160px\"\/><\/a><\/figure>\n<\/div>\n\n\n\n<div class=\"wp-block-column is-vertically-aligned-center is-layout-flow wp-block-column-is-layout-flow\">\n<figure class=\"wp-block-image aligncenter size-full is-resized\"><a href=\"https:\/\/www.parc-pyrenees-ariegeoises.fr\/\"><img decoding=\"async\" src=\"https:\/\/lacave-ariege.fr\/wp-content\/uploads\/2025\/10\/Capture-decran-2025-10-27-164352.png\" alt=\"\" class=\"wp-image-62\" style=\"width:160px\"\/><\/a><\/figure>\n<\/div>\n<\/div>\n<\/div>\n\n\n\n<p><\/p>\n\n\n\n<div class=\"wp-block-group alignfull is-layout-constrained wp-container-core-group-is-layout-0d865929 wp-block-group-is-layout-constrained\" style=\"margin-top:0;margin-bottom:0;padding-top:var(--wp--preset--spacing--superbspacing-xsmall);padding-right:var(--wp--preset--spacing--superbspacing-small);padding-bottom:var(--wp--preset--spacing--superbspacing-xsmall);padding-left:var(--wp--preset--spacing--superbspacing-small)\">\n<hr class=\"wp-block-separator has-text-color has-accent-color has-alpha-channel-opacity has-accent-background-color has-background\"\/>\n<\/div>\n\n\n\n<div class=\"wp-block-columns is-layout-flex wp-container-core-columns-is-layout-28f84493 wp-block-columns-is-layout-flex\">\n<div class=\"wp-block-column is-layout-flow wp-block-column-is-layout-flow\" style=\"flex-basis:66.66%\">\n<blockquote class=\"wp-block-quote is-layout-flow wp-block-quote-is-layout-flow\">\n<p><em>La commune d&rsquo;Alos, fait partie de la\u00a0<\/em><strong>Communaut\u00e9 de communes Couserans-Pyr\u00e9n\u00e9es<\/strong><em>, qui regroupe plusieurs communes du territoire du Couserans.<\/em><\/p>\n\n\n\n<p><em> Afin de mutualiser certains services et mener des projets communs.<\/em><\/p>\n<\/blockquote>\n<\/div>\n\n\n\n<div class=\"wp-block-column is-layout-flow wp-block-column-is-layout-flow\" style=\"flex-basis:33.33%\">\n<figure class=\"wp-block-image aligncenter size-full\"><img loading=\"lazy\" decoding=\"async\" width=\"219\" height=\"187\" src=\"https:\/\/alos-ariege.fr\/wp-content\/uploads\/2026\/03\/Capture-decran-2026-03-09-145654.png\" alt=\"\" class=\"wp-image-128\"\/><\/figure>\n<\/div>\n<\/div>\n\n\n\n<hr class=\"wp-block-separator has-alpha-channel-opacity\"\/>\n\n\n\n<style><\/style><div class=\"wplp_outside wplp_widget_84\" style=\"max-width:100%;\"><span class=\"wpcu_block_title\">Actualit\u00e9s du village<\/span><div id=\"wplp_widget_84\" class=\"wplp_widget_default wplp_container vertical swiper wplp-swiper default cols3\" data-theme=\"default\" data-post=\"84\" style=\"\" data-max-elts=\"2\" data-per-page=\"10\"><div class=\"wplp_listposts swiper-wrapper\" id=\"default_84\" style=\"width: 100%;\" ><div class=\"swiper-slide\" style=\"\"><div class=\"insideframe\"><div id=\"wplp_box_top_84_88\" class=\"wpcu-front-box top equalHeightImg\" ><div class=\"wplp-box-item\"><a href=\"https:\/\/alos-ariege.fr\/index.php\/2026\/02\/18\/als\/\"  class=\"thumbnail\"><span class=\"img_cropper\" style=\"margin-right:4px;margin-bottom:4px;max-width:100%;\"><img decoding=\"async\" src=\"https:\/\/alos-ariege.fr\/wp-content\/uploads\/2026\/02\/Capture-decran-2026-02-10-162723-300x163.png\" style=\"aspect-ratio:4\/3;\" srcset=\"\" alt=\"ALS\" class=\"wplp_thumb\" \/><\/span><\/a><a href=\"https:\/\/alos-ariege.fr\/index.php\/2026\/02\/18\/als\/\"  class=\"title\">ALS<\/a><\/div><\/div><div id=\"wplp_box_left_84_88\" class=\"wpcu-front-box left wpcu-custom-position\" ><div class=\"wplp-box-item\"><\/div><\/div><div id=\"wplp_box_right_84_88\" class=\"wpcu-front-box right wpcu-custom-position\" ><div class=\"wplp-box-item\"><\/div><\/div><div id=\"wplp_box_bottom_84_88\" class=\"wpcu-front-box bottom \" ><div class=\"wplp-box-item\"><span class=\"date\">f\u00e9vrier 18, 2026<\/span><span class=\"text\"><span style=\"max-height:2.8em\" class=\"line_limit\">Une association qui dynamise un petit village\n\n\n\n\n\n\n\nLien :<\/span><span style=\"margin-left:3px; max-height:2.8em\" class=\"line_limit\"> [...]<\/span><\/span><span class=\"custom_fields\">\n<!-- WPLP Unknown field: Custom_Fields -->\n<\/span><a href=\"https:\/\/alos-ariege.fr\/index.php\/2026\/02\/18\/als\/\"  class=\"read-more\">Lire la suite\u2026<\/a><\/div><\/div><\/div><\/div><div class=\"swiper-slide\" style=\"\"><div class=\"insideframe\"><div id=\"wplp_box_top_84_86\" class=\"wpcu-front-box top equalHeightImg\" ><div class=\"wplp-box-item\"><a href=\"https:\/\/alos-ariege.fr\/index.php\/2026\/02\/18\/un-repas-de-noel\/\"  class=\"thumbnail\"><span class=\"img_cropper\" style=\"margin-right:4px;margin-bottom:4px;max-width:100%;\"><img decoding=\"async\" src=\"https:\/\/alos-ariege.fr\/wp-content\/uploads\/2026\/02\/Capture-decran-2026-02-10-162707-300x159.png\" style=\"aspect-ratio:4\/3;\" srcset=\"\" alt=\"Un repas de No\u00ebl\" class=\"wplp_thumb\" \/><\/span><\/a><a href=\"https:\/\/alos-ariege.fr\/index.php\/2026\/02\/18\/un-repas-de-noel\/\"  class=\"title\">Un repas de No\u00ebl<\/a><\/div><\/div><div id=\"wplp_box_left_84_86\" class=\"wpcu-front-box left wpcu-custom-position\" ><div class=\"wplp-box-item\"><\/div><\/div><div id=\"wplp_box_right_84_86\" class=\"wpcu-front-box right wpcu-custom-position\" ><div class=\"wplp-box-item\"><\/div><\/div><div id=\"wplp_box_bottom_84_86\" class=\"wpcu-front-box bottom \" ><div class=\"wplp-box-item\"><span class=\"date\">f\u00e9vrier 18, 2026<\/span><span class=\"text\"><span style=\"max-height:2.8em\" class=\"line_limit\">Lien :<\/span><span style=\"margin-left:3px; max-height:2.8em\" class=\"line_limit\"> [...]<\/span><\/span><span class=\"custom_fields\">\n<!-- WPLP Unknown field: Custom_Fields -->\n<\/span><a href=\"https:\/\/alos-ariege.fr\/index.php\/2026\/02\/18\/un-repas-de-noel\/\"  class=\"read-more\">Lire la suite\u2026<\/a><\/div><\/div><\/div><\/div><\/div><div class=\"swiper-button-next\"><\/div><div class=\"swiper-button-prev\"><\/div><div class=\"swiper-pagination\"><\/div><\/div><\/div>\n","protected":false},"excerpt":{"rendered":"<p>La mairie d\u2019Alos, en Ari\u00e8ge, institution de proximit\u00e9 au service des administr\u00e9s, engag\u00e9e au quotidien pour l\u2019int\u00e9r\u00eat g\u00e9n\u00e9ral et la qualit\u00e9 du service public Localis\u00e9e dans le nord-ouest du d\u00e9partement,&#8230;<\/p>\n","protected":false},"author":1,"featured_media":0,"parent":0,"menu_order":0,"comment_status":"closed","ping_status":"open","template":"","meta":{"footnotes":""},"class_list":["post-2","page","type-page","status-publish","hentry"],"_links":{"self":[{"href":"https:\/\/alos-ariege.fr\/index.php\/wp-json\/wp\/v2\/pages\/2","targetHints":{"allow":["GET"]}}],"collection":[{"href":"https:\/\/alos-ariege.fr\/index.php\/wp-json\/wp\/v2\/pages"}],"about":[{"href":"https:\/\/alos-ariege.fr\/index.php\/wp-json\/wp\/v2\/types\/page"}],"author":[{"embeddable":true,"href":"https:\/\/alos-ariege.fr\/index.php\/wp-json\/wp\/v2\/users\/1"}],"replies":[{"embeddable":true,"href":"https:\/\/alos-ariege.fr\/index.php\/wp-json\/wp\/v2\/comments?post=2"}],"version-history":[{"count":15,"href":"https:\/\/alos-ariege.fr\/index.php\/wp-json\/wp\/v2\/pages\/2\/revisions"}],"predecessor-version":[{"id":129,"href":"https:\/\/alos-ariege.fr\/index.php\/wp-json\/wp\/v2\/pages\/2\/revisions\/129"}],"wp:attachment":[{"href":"https:\/\/alos-ariege.fr\/index.php\/wp-json\/wp\/v2\/media?parent=2"}],"curies":[{"name":"wp","href":"https:\/\/api.w.org\/{rel}","templated":true}]}}