{"id":108,"date":"2026-02-19T11:28:26","date_gmt":"2026-02-19T11:28:26","guid":{"rendered":"https:\/\/alos-ariege.fr\/?page_id=108"},"modified":"2026-03-09T14:37:31","modified_gmt":"2026-03-09T14:37:31","slug":"hebergements-locaux","status":"publish","type":"page","link":"https:\/\/alos-ariege.fr\/index.php\/hebergements-locaux\/","title":{"rendered":"H\u00e9bergements locaux"},"content":{"rendered":"\n<blockquote class=\"wp-block-quote is-layout-flow wp-block-quote-is-layout-flow\">\n<p>G\u00eete de La Planquette<\/p>\n<\/blockquote>\n\n\n\n<div class=\"wp-block-columns is-layout-flex wp-container-core-columns-is-layout-28f84493 wp-block-columns-is-layout-flex\">\n<div class=\"wp-block-column is-layout-flow wp-block-column-is-layout-flow\" style=\"flex-basis:66.66%\">\n<p><\/p>\n\n\n\n<p>Le G\u00eete de La Planquette est un g\u00eete <strong>pour chiens<\/strong> situ\u00e9 dans le village <strong>d\u2019Alos<\/strong>, au c\u0153ur des Couserans dans le Parc <a href=\"https:\/\/www.parc-pyrenees-ariegeoises.fr\/\" target=\"_blank\" rel=\"noreferrer noopener\"><strong>Naturel R\u00e9gional des Pyr\u00e9n\u00e9es Argi\u00e8geoises<\/strong><\/a>.<\/p>\n\n\n\n<p><strong>La nature<\/strong> est encore tr\u00e8s bien conserv\u00e9e ici, elle nous permet donc de d\u00e9couvrir un tr\u00e8s beau patrimoine.<\/p>\n\n\n\n<p>De nombreux sentiers balis\u00e9s et itin\u00e9raires touristiques vous donnent l&rsquo;occasion d&rsquo;admirer la r\u00e9gion et de d\u00e9guster les produits locaux.<\/p>\n\n\n\n<p><strong>Tranquillit\u00e9, nature, montagne, sports de la nature, excursions culturelles, march\u00e9s,&#8230;<\/strong>.il y en a pour tous les go\u00fbts ici.<\/p>\n<\/div>\n\n\n\n<div class=\"wp-block-column is-layout-flow wp-block-column-is-layout-flow\" style=\"flex-basis:33.33%\">\n<figure class=\"wp-block-image size-full\"><img loading=\"lazy\" decoding=\"async\" width=\"288\" height=\"480\" src=\"https:\/\/alos-ariege.fr\/wp-content\/uploads\/2026\/03\/82BF5207-2F0B-4D24-B07F-FC10F5A7C906.jpeg\" alt=\"\" class=\"wp-image-144\" srcset=\"https:\/\/alos-ariege.fr\/wp-content\/uploads\/2026\/03\/82BF5207-2F0B-4D24-B07F-FC10F5A7C906.jpeg 288w, https:\/\/alos-ariege.fr\/wp-content\/uploads\/2026\/03\/82BF5207-2F0B-4D24-B07F-FC10F5A7C906-180x300.jpeg 180w\" sizes=\"auto, (max-width: 288px) 100vw, 288px\" \/><\/figure>\n<\/div>\n<\/div>\n\n\n\n<p><\/p>\n","protected":false},"excerpt":{"rendered":"<p>G\u00eete de La Planquette Le G\u00eete de La Planquette est un g\u00eete pour chiens situ\u00e9 dans le village d\u2019Alos, au c\u0153ur des Couserans dans le Parc Naturel R\u00e9gional des Pyr\u00e9n\u00e9es&#8230;<\/p>\n","protected":false},"author":1,"featured_media":0,"parent":0,"menu_order":0,"comment_status":"closed","ping_status":"closed","template":"","meta":{"footnotes":""},"class_list":["post-108","page","type-page","status-publish","hentry"],"_links":{"self":[{"href":"https:\/\/alos-ariege.fr\/index.php\/wp-json\/wp\/v2\/pages\/108","targetHints":{"allow":["GET"]}}],"collection":[{"href":"https:\/\/alos-ariege.fr\/index.php\/wp-json\/wp\/v2\/pages"}],"about":[{"href":"https:\/\/alos-ariege.fr\/index.php\/wp-json\/wp\/v2\/types\/page"}],"author":[{"embeddable":true,"href":"https:\/\/alos-ariege.fr\/index.php\/wp-json\/wp\/v2\/users\/1"}],"replies":[{"embeddable":true,"href":"https:\/\/alos-ariege.fr\/index.php\/wp-json\/wp\/v2\/comments?post=108"}],"version-history":[{"count":3,"href":"https:\/\/alos-ariege.fr\/index.php\/wp-json\/wp\/v2\/pages\/108\/revisions"}],"predecessor-version":[{"id":146,"href":"https:\/\/alos-ariege.fr\/index.php\/wp-json\/wp\/v2\/pages\/108\/revisions\/146"}],"wp:attachment":[{"href":"https:\/\/alos-ariege.fr\/index.php\/wp-json\/wp\/v2\/media?parent=108"}],"curies":[{"name":"wp","href":"https:\/\/api.w.org\/{rel}","templated":true}]}}