{"id":106,"date":"2026-02-19T11:28:26","date_gmt":"2026-02-19T11:28:26","guid":{"rendered":"https:\/\/alos-ariege.fr\/?page_id=106"},"modified":"2026-03-09T14:59:47","modified_gmt":"2026-03-09T14:59:47","slug":"les-artisans-locaux","status":"publish","type":"page","link":"https:\/\/alos-ariege.fr\/index.php\/les-artisans-locaux\/","title":{"rendered":"Les artisans locaux"},"content":{"rendered":"\n<blockquote class=\"wp-block-quote is-layout-flow wp-block-quote-is-layout-flow\">\n<p>Chez S\u00e9bastien<\/p>\n<\/blockquote>\n\n\n\n<p>S\u00e9bastien Boucher, originaire de Saint-Girons, vient chaque mercredi matin \u00e0 d\u2019Alos. Artisan passionn\u00e9, il propose des produits de qualit\u00e9 et partage avec les habitants son savoir-faire et son go\u00fbt pour les bonnes choses. Sa pr\u00e9sence participe \u00e0 l\u2019ambiance conviviale, o\u00f9 les habitants se retrouvent pour \u00e9changer, faire leurs courses et soutenir les producteurs locaux.<\/p>\n","protected":false},"excerpt":{"rendered":"<p>Chez S\u00e9bastien S\u00e9bastien Boucher, originaire de Saint-Girons, vient chaque mercredi matin \u00e0 d\u2019Alos. Artisan passionn\u00e9, il propose des produits de qualit\u00e9 et partage avec les habitants son savoir-faire et son&#8230;<\/p>\n","protected":false},"author":1,"featured_media":0,"parent":0,"menu_order":0,"comment_status":"closed","ping_status":"closed","template":"","meta":{"footnotes":""},"class_list":["post-106","page","type-page","status-publish","hentry"],"_links":{"self":[{"href":"https:\/\/alos-ariege.fr\/index.php\/wp-json\/wp\/v2\/pages\/106","targetHints":{"allow":["GET"]}}],"collection":[{"href":"https:\/\/alos-ariege.fr\/index.php\/wp-json\/wp\/v2\/pages"}],"about":[{"href":"https:\/\/alos-ariege.fr\/index.php\/wp-json\/wp\/v2\/types\/page"}],"author":[{"embeddable":true,"href":"https:\/\/alos-ariege.fr\/index.php\/wp-json\/wp\/v2\/users\/1"}],"replies":[{"embeddable":true,"href":"https:\/\/alos-ariege.fr\/index.php\/wp-json\/wp\/v2\/comments?post=106"}],"version-history":[{"count":3,"href":"https:\/\/alos-ariege.fr\/index.php\/wp-json\/wp\/v2\/pages\/106\/revisions"}],"predecessor-version":[{"id":149,"href":"https:\/\/alos-ariege.fr\/index.php\/wp-json\/wp\/v2\/pages\/106\/revisions\/149"}],"wp:attachment":[{"href":"https:\/\/alos-ariege.fr\/index.php\/wp-json\/wp\/v2\/media?parent=106"}],"curies":[{"name":"wp","href":"https:\/\/api.w.org\/{rel}","templated":true}]}}